{"id":128,"date":"2024-03-06T17:56:14","date_gmt":"2024-03-06T17:56:14","guid":{"rendered":"https:\/\/yeni.aof.org.tr\/?page_id=128"},"modified":"2024-03-06T18:33:40","modified_gmt":"2024-03-06T18:33:40","slug":"uyelerimiz","status":"publish","type":"page","link":"https:\/\/aof.org.tr\/?page_id=128","title":{"rendered":"\u00dcyelerimiz\u00a0"},"content":{"rendered":"\n<div class=\"wp-block-group\"><div class=\"wp-block-group__inner-container is-layout-constrained wp-block-group-is-layout-constrained\">\n<div class=\"wp-block-columns is-layout-flex wp-container-core-columns-is-layout-9d6595d7 wp-block-columns-is-layout-flex\">\n<div class=\"wp-block-column is-layout-flow wp-block-column-is-layout-flow\">\n<figure class=\"wp-block-image size-full is-resized is-style-rounded\"><a href=\"https:\/\/www.facebook.com\/groups\/410482462401100\/\"><img loading=\"lazy\" decoding=\"async\" width=\"200\" height=\"200\" src=\"https:\/\/aof.org.tr\/wp-content\/uploads\/2024\/03\/AofXX-2.jpg\" alt=\"\" class=\"wp-image-136\" style=\"width:255px;height:auto\" srcset=\"https:\/\/aof.org.tr\/wp-content\/uploads\/2024\/03\/AofXX-2.jpg 200w, https:\/\/aof.org.tr\/wp-content\/uploads\/2024\/03\/AofXX-2-150x150.jpg 150w\" sizes=\"auto, (max-width: 200px) 100vw, 200px\" \/><\/a><figcaption class=\"wp-element-caption\">ANADOL KUL\u00dcB\u00dc<\/figcaption><\/figure>\n<\/div>\n\n\n\n<div class=\"wp-block-column is-layout-flow wp-block-column-is-layout-flow\">\n<figure class=\"wp-block-image size-full is-style-rounded\"><a href=\"http:\/\/www.akok.org.tr\/\"><img loading=\"lazy\" decoding=\"async\" width=\"200\" height=\"200\" src=\"https:\/\/aof.org.tr\/wp-content\/uploads\/2024\/03\/akokson2-2.jpg\" alt=\"\" class=\"wp-image-137\" srcset=\"https:\/\/aof.org.tr\/wp-content\/uploads\/2024\/03\/akokson2-2.jpg 200w, https:\/\/aof.org.tr\/wp-content\/uploads\/2024\/03\/akokson2-2-150x150.jpg 150w\" sizes=\"auto, (max-width: 200px) 100vw, 200px\" \/><\/a><figcaption class=\"wp-element-caption\">ANKARA KLAS\u0130K OTOMOB\u0130L KUL\u00dcB\u00dc DERNE\u011e\u0130 &#8211; AKOK<br>Tel : 552-212-25-65 &#8211; Web : www.akok.org.tr &#8211; E-mail : mrvboyaci@hotmail.com<\/figcaption><\/figure>\n<\/div>\n<\/div>\n\n\n\n<div class=\"wp-block-columns is-layout-flex wp-container-core-columns-is-layout-9d6595d7 wp-block-columns-is-layout-flex\">\n<div class=\"wp-block-column is-layout-flow wp-block-column-is-layout-flow\">\n<figure class=\"wp-block-image size-full is-style-rounded\"><a href=\"https:\/\/www.facebook.com\/groups\/154634333264\/\"><img loading=\"lazy\" decoding=\"async\" width=\"200\" height=\"200\" src=\"https:\/\/aof.org.tr\/wp-content\/uploads\/2024\/03\/burkodson.jpg\" alt=\"\" class=\"wp-image-138\" srcset=\"https:\/\/aof.org.tr\/wp-content\/uploads\/2024\/03\/burkodson.jpg 200w, https:\/\/aof.org.tr\/wp-content\/uploads\/2024\/03\/burkodson-150x150.jpg 150w\" sizes=\"auto, (max-width: 200px) 100vw, 200px\" \/><\/a><figcaption class=\"wp-element-caption\">BURSA KLAS\u0130K OTOMOB\u0130LC\u0130LER DERNE\u011e\u0130 &#8211; BURKOD<br>E-mail : zafer.ahmetoglu@cevalogistics.com<\/figcaption><\/figure>\n<\/div>\n\n\n\n<div class=\"wp-block-column is-layout-flow wp-block-column-is-layout-flow\">\n<figure class=\"wp-block-image size-full is-style-rounded\"><a href=\"https:\/\/www.facebook.com\/groups\/314148375391688\/\"><img loading=\"lazy\" decoding=\"async\" width=\"200\" height=\"200\" src=\"https:\/\/aof.org.tr\/wp-content\/uploads\/2024\/03\/AofXX-3.jpg\" alt=\"\" class=\"wp-image-139\" srcset=\"https:\/\/aof.org.tr\/wp-content\/uploads\/2024\/03\/AofXX-3.jpg 200w, https:\/\/aof.org.tr\/wp-content\/uploads\/2024\/03\/AofXX-3-150x150.jpg 150w\" sizes=\"auto, (max-width: 200px) 100vw, 200px\" \/><\/a><figcaption class=\"wp-element-caption\">EKOD ERC\u0130YE\u015e KLAS\u0130K OTOMOB\u0130LC\u0130LER DERNE\u011e\u0130<\/figcaption><\/figure>\n<\/div>\n<\/div>\n<\/div><\/div>\n\n\n\n<div class=\"wp-block-columns is-layout-flex wp-container-core-columns-is-layout-9d6595d7 wp-block-columns-is-layout-flex\">\n<div class=\"wp-block-column is-layout-flow wp-block-column-is-layout-flow\">\n<figure class=\"wp-block-image size-full is-style-rounded\"><a href=\"http:\/\/www.ikod.org.tr\/\"><img loading=\"lazy\" decoding=\"async\" width=\"200\" height=\"200\" src=\"https:\/\/aof.org.tr\/wp-content\/uploads\/2024\/03\/ikod.jpg\" alt=\"\" class=\"wp-image-140\" srcset=\"https:\/\/aof.org.tr\/wp-content\/uploads\/2024\/03\/ikod.jpg 200w, https:\/\/aof.org.tr\/wp-content\/uploads\/2024\/03\/ikod-150x150.jpg 150w\" sizes=\"auto, (max-width: 200px) 100vw, 200px\" \/><\/a><figcaption class=\"wp-element-caption\">\u0130KOD<br>Web : www.ikod.org.tr &#8211; E-mail : ikod@ikod.org.tr sekreterya@ikod.org.tr<\/figcaption><\/figure>\n<\/div>\n\n\n\n<div class=\"wp-block-column is-layout-flow wp-block-column-is-layout-flow\">\n<figure class=\"wp-block-image size-full is-style-rounded\"><a href=\"https:\/\/www.facebook.com\/groups\/izkod35\/\"><img loading=\"lazy\" decoding=\"async\" width=\"200\" height=\"200\" src=\"https:\/\/aof.org.tr\/wp-content\/uploads\/2024\/03\/izkod2.jpg\" alt=\"\" class=\"wp-image-141\" srcset=\"https:\/\/aof.org.tr\/wp-content\/uploads\/2024\/03\/izkod2.jpg 200w, https:\/\/aof.org.tr\/wp-content\/uploads\/2024\/03\/izkod2-150x150.jpg 150w\" sizes=\"auto, (max-width: 200px) 100vw, 200px\" \/><\/a><figcaption class=\"wp-element-caption\">\u0130ZKOD<br>Ba\u015fkan: Murat Akarsu muratakarsu1960@hotmail.com GSM: 05323119249<\/figcaption><\/figure>\n<\/div>\n<\/div>\n\n\n\n<div class=\"wp-block-columns is-layout-flex wp-container-core-columns-is-layout-9d6595d7 wp-block-columns-is-layout-flex\">\n<div class=\"wp-block-column is-layout-flow wp-block-column-is-layout-flow\">\n<figure class=\"wp-block-image size-full is-style-rounded\"><a href=\"http:\/\/www.kask.club\/\"><img loading=\"lazy\" decoding=\"async\" width=\"200\" height=\"200\" src=\"https:\/\/aof.org.tr\/wp-content\/uploads\/2024\/03\/kask.jpg\" alt=\"\" class=\"wp-image-142\" srcset=\"https:\/\/aof.org.tr\/wp-content\/uploads\/2024\/03\/kask.jpg 200w, https:\/\/aof.org.tr\/wp-content\/uploads\/2024\/03\/kask-150x150.jpg 150w\" sizes=\"auto, (max-width: 200px) 100vw, 200px\" \/><\/a><figcaption class=\"wp-element-caption\">KASK KLAS\u0130K ARA\u00c7 SPORLARI KUL\u00dcB\u00dc<br>KASK Klasik Ara\u00e7 Sporlar\u0131 Kul\u00fcb\u00fc info@kask.club www.kask.club GSM: +905333314014 Ba\u015fkan: Zeynep Tura Genel Sekreter: Elif Geveli Sportif Direkt\u00f6r: Hakan Ulusoy<\/figcaption><\/figure>\n<\/div>\n\n\n\n<div class=\"wp-block-column is-layout-flow wp-block-column-is-layout-flow\">\n<figure class=\"wp-block-image size-full is-style-rounded\"><a href=\"https:\/\/www.facebook.com\/groups\/kaykod\/\"><img loading=\"lazy\" decoding=\"async\" width=\"200\" height=\"200\" src=\"https:\/\/aof.org.tr\/wp-content\/uploads\/2024\/03\/AofXX-4.jpg\" alt=\"\" class=\"wp-image-143\" srcset=\"https:\/\/aof.org.tr\/wp-content\/uploads\/2024\/03\/AofXX-4.jpg 200w, https:\/\/aof.org.tr\/wp-content\/uploads\/2024\/03\/AofXX-4-150x150.jpg 150w\" sizes=\"auto, (max-width: 200px) 100vw, 200px\" \/><\/a><figcaption class=\"wp-element-caption\">KAYKOD KAYSER\u0130 KLAS\u0130K OTOMOB\u0130LC\u0130LER DERNE\u011e\u0130<\/figcaption><\/figure>\n<\/div>\n<\/div>\n\n\n\n<div class=\"wp-block-columns is-layout-flex wp-container-core-columns-is-layout-9d6595d7 wp-block-columns-is-layout-flex\">\n<div class=\"wp-block-column is-layout-flow wp-block-column-is-layout-flow\">\n<figure class=\"wp-block-image size-full is-style-rounded\"><a href=\"https:\/\/www.klasikotomobil.org\/\"><img loading=\"lazy\" decoding=\"async\" width=\"200\" height=\"200\" src=\"https:\/\/aof.org.tr\/wp-content\/uploads\/2024\/03\/klasikok.jpg\" alt=\"\" class=\"wp-image-144\" srcset=\"https:\/\/aof.org.tr\/wp-content\/uploads\/2024\/03\/klasikok.jpg 200w, https:\/\/aof.org.tr\/wp-content\/uploads\/2024\/03\/klasikok-150x150.jpg 150w\" sizes=\"auto, (max-width: 200px) 100vw, 200px\" \/><\/a><figcaption class=\"wp-element-caption\">KLAS\u0130K OTOMOB\u0130L KUL\u00dcB\u00dc DERNE\u011e\u0130 &#8211; KOK<br>Tel : 216-465-5001 &#8211; Web : www.klasikotomobil.org &#8211; E-mail : info@klasikotomobil.org gsekreter@klasikotomobil.org<\/figcaption><\/figure>\n<\/div>\n\n\n\n<div class=\"wp-block-column is-layout-flow wp-block-column-is-layout-flow\">\n<figure class=\"wp-block-image size-full is-style-rounded\"><a href=\"http:\/\/www.kocaeliklasikoto.com\/\"><img loading=\"lazy\" decoding=\"async\" width=\"200\" height=\"200\" src=\"https:\/\/aof.org.tr\/wp-content\/uploads\/2024\/03\/esfrgfrf.jpg\" alt=\"\" class=\"wp-image-145\" srcset=\"https:\/\/aof.org.tr\/wp-content\/uploads\/2024\/03\/esfrgfrf.jpg 200w, https:\/\/aof.org.tr\/wp-content\/uploads\/2024\/03\/esfrgfrf-150x150.jpg 150w\" sizes=\"auto, (max-width: 200px) 100vw, 200px\" \/><\/a><figcaption class=\"wp-element-caption\">KKOD KOCAEL\u0130 KLAS\u0130K OTOMOB\u0130L DERNE\u011e\u0130<br>E-mail : info@kocaeliklasikoto.com &#8211; Web : www.kocaeliklasikoto.com<\/figcaption><\/figure>\n<\/div>\n<\/div>\n\n\n\n<div class=\"wp-block-columns is-layout-flex wp-container-core-columns-is-layout-9d6595d7 wp-block-columns-is-layout-flex\">\n<div class=\"wp-block-column is-layout-flow wp-block-column-is-layout-flow\">\n<figure class=\"wp-block-image size-full is-style-rounded\"><a href=\"https:\/\/www.tikod.org\/\"><img loading=\"lazy\" decoding=\"async\" width=\"200\" height=\"200\" src=\"https:\/\/aof.org.tr\/wp-content\/uploads\/2024\/03\/tikoddsad.jpg\" alt=\"\" class=\"wp-image-146\" srcset=\"https:\/\/aof.org.tr\/wp-content\/uploads\/2024\/03\/tikoddsad.jpg 200w, https:\/\/aof.org.tr\/wp-content\/uploads\/2024\/03\/tikoddsad-150x150.jpg 150w\" sizes=\"auto, (max-width: 200px) 100vw, 200px\" \/><\/a><figcaption class=\"wp-element-caption\">TOFA\u015e \u0130LK KLAS\u0130K OTOMOB\u0130LC\u0130LER DERNE\u011e\u0130 &#8211; T\u0130KOD<br>Tel: 0542 440 05 01 &#8211; Web: www.tikod.org &#8211; E-mail: info@tikod.or<\/figcaption><\/figure>\n<\/div>\n\n\n\n<div class=\"wp-block-column is-layout-flow wp-block-column-is-layout-flow\">\n<figure class=\"wp-block-image size-full is-style-rounded\"><a href=\"https:\/\/www.facebook.com\/TrakyaKlasikOtomobilcilerDernegi\"><img loading=\"lazy\" decoding=\"async\" width=\"200\" height=\"200\" src=\"https:\/\/aof.org.tr\/wp-content\/uploads\/2024\/03\/rzgre.jpg\" alt=\"\" class=\"wp-image-147\" srcset=\"https:\/\/aof.org.tr\/wp-content\/uploads\/2024\/03\/rzgre.jpg 200w, https:\/\/aof.org.tr\/wp-content\/uploads\/2024\/03\/rzgre-150x150.jpg 150w\" sizes=\"auto, (max-width: 200px) 100vw, 200px\" \/><\/a><figcaption class=\"wp-element-caption\">TRAKYA KLAS\u0130K OTOMOB\u0130LC\u0130LER DERNE\u011e\u0130 &#8211; TRAKOD<br>E-mail : trakod@hotmail.com &#8211; Web : www.facebook.com\/TrakyaKlasikOtomob<\/figcaption><\/figure>\n<\/div>\n<\/div>\n\n\n\n<div class=\"wp-block-columns is-layout-flex wp-container-core-columns-is-layout-9d6595d7 wp-block-columns-is-layout-flex\">\n<div class=\"wp-block-column is-layout-flow wp-block-column-is-layout-flow\">\n<figure class=\"wp-block-image size-full is-style-rounded\"><a href=\"http:\/\/www.vkod.org.tr\/\"><img loading=\"lazy\" decoding=\"async\" width=\"200\" height=\"200\" src=\"https:\/\/aof.org.tr\/wp-content\/uploads\/2024\/03\/tsrh5trg.jpg\" alt=\"\" class=\"wp-image-148\" srcset=\"https:\/\/aof.org.tr\/wp-content\/uploads\/2024\/03\/tsrh5trg.jpg 200w, https:\/\/aof.org.tr\/wp-content\/uploads\/2024\/03\/tsrh5trg-150x150.jpg 150w\" sizes=\"auto, (max-width: 200px) 100vw, 200px\" \/><\/a><figcaption class=\"wp-element-caption\">VOLKSWAGEN KAPLUMBA\u011eA OTOMOB\u0130L DERNE\u011e\u0130 &#8211; VKOD<br>E-mail : info@vkod.org.tr &#8211; Web : www.vkod.org.tr<\/figcaption><\/figure>\n<\/div>\n<\/div>\n","protected":false},"excerpt":{"rendered":"","protected":false},"author":1,"featured_media":0,"parent":0,"menu_order":0,"comment_status":"closed","ping_status":"closed","template":"","meta":{"footnotes":""},"class_list":["post-128","page","type-page","status-publish","hentry"],"_links":{"self":[{"href":"https:\/\/aof.org.tr\/index.php?rest_route=\/wp\/v2\/pages\/128","targetHints":{"allow":["GET"]}}],"collection":[{"href":"https:\/\/aof.org.tr\/index.php?rest_route=\/wp\/v2\/pages"}],"about":[{"href":"https:\/\/aof.org.tr\/index.php?rest_route=\/wp\/v2\/types\/page"}],"author":[{"embeddable":true,"href":"https:\/\/aof.org.tr\/index.php?rest_route=\/wp\/v2\/users\/1"}],"replies":[{"embeddable":true,"href":"https:\/\/aof.org.tr\/index.php?rest_route=%2Fwp%2Fv2%2Fcomments&post=128"}],"version-history":[{"count":3,"href":"https:\/\/aof.org.tr\/index.php?rest_route=\/wp\/v2\/pages\/128\/revisions"}],"predecessor-version":[{"id":149,"href":"https:\/\/aof.org.tr\/index.php?rest_route=\/wp\/v2\/pages\/128\/revisions\/149"}],"wp:attachment":[{"href":"https:\/\/aof.org.tr\/index.php?rest_route=%2Fwp%2Fv2%2Fmedia&parent=128"}],"curies":[{"name":"wp","href":"https:\/\/api.w.org\/{rel}","templated":true}]}}