{"id":46,"date":"2024-03-06T06:50:37","date_gmt":"2024-03-06T06:50:37","guid":{"rendered":"https:\/\/yeni.aof.org.tr\/?page_id=46"},"modified":"2024-03-07T13:07:42","modified_gmt":"2024-03-07T13:07:42","slug":"iletisim","status":"publish","type":"page","link":"https:\/\/aof.org.tr\/?page_id=46","title":{"rendered":"\u0130leti\u015fim"},"content":{"rendered":"\n<iframe src=\"https:\/\/www.google.com\/maps\/embed?pb=!1m14!1m8!1m3!1d6017.063215674641!2d28.791495000000005!3d41.057371!3m2!1i1024!2i768!4f13.1!3m3!1m2!1s0x14caa5b91cb65d11%3A0x2a56be777d654d28!2sMehmet%20Arsay%20Klasik%20Otomobil%20M%C3%BCzesi!5e0!3m2!1str!2str!4v1709708105487!5m2!1str!2str\" width=\"90%\" height=\"300\" style=\"border:0;\" allowfullscreen=\"\" loading=\"lazy\" referrerpolicy=\"no-referrer-when-downgrade\"><\/iframe>\n\n\n\n<h3 class=\"wp-block-heading\"><strong>Bize Ula\u015f\u0131n<\/strong><\/h3>\n\n\n\n<p>&nbsp;Mail: info@aof.org.tr<\/p>\n\n\n\n<p>&nbsp;Telefon: (0) 212 276 4178<\/p>\n\n\n\n<h3 class=\"wp-block-heading\"><strong>AOF \u0130ktisadi \u0130\u015fletme<\/strong><\/h3>\n\n\n\n<p>Antika Otomobil Federasyonu \u0130ktisadi \u0130\u015fletmesi<\/p>\n\n\n\n<p>Atat\u00fcrk Mahallesi \u0130kitelli Cad. 178 Sitesi, No.178 Halkal\u0131,<\/p>\n\n\n\n<p>K\u00fc\u00e7\u00fck\u00e7ekmece 34303 \u0130stanbul<\/p>\n\n\n\n<p>Halkal\u0131&nbsp;&nbsp;VD&nbsp;0700329620<\/p>\n","protected":false},"excerpt":{"rendered":"<p>Bize Ula\u015f\u0131n &nbsp;Mail: info@aof.org.tr &nbsp;Telefon: (0) 212 276 4178 AOF \u0130ktisadi \u0130\u015fletme Antika Otomobil Federasyonu \u0130ktisadi \u0130\u015fletmesi Atat\u00fcrk Mahallesi \u0130kitelli Cad. 178 Sitesi, No.178 Halkal\u0131, K\u00fc\u00e7\u00fck\u00e7ekmece 34303 \u0130stanbul Halkal\u0131&nbsp;&nbsp;VD&nbsp;0700329620<\/p>\n","protected":false},"author":1,"featured_media":0,"parent":0,"menu_order":0,"comment_status":"closed","ping_status":"closed","template":"","meta":{"footnotes":""},"class_list":["post-46","page","type-page","status-publish","hentry"],"_links":{"self":[{"href":"https:\/\/aof.org.tr\/index.php?rest_route=\/wp\/v2\/pages\/46","targetHints":{"allow":["GET"]}}],"collection":[{"href":"https:\/\/aof.org.tr\/index.php?rest_route=\/wp\/v2\/pages"}],"about":[{"href":"https:\/\/aof.org.tr\/index.php?rest_route=\/wp\/v2\/types\/page"}],"author":[{"embeddable":true,"href":"https:\/\/aof.org.tr\/index.php?rest_route=\/wp\/v2\/users\/1"}],"replies":[{"embeddable":true,"href":"https:\/\/aof.org.tr\/index.php?rest_route=%2Fwp%2Fv2%2Fcomments&post=46"}],"version-history":[{"count":13,"href":"https:\/\/aof.org.tr\/index.php?rest_route=\/wp\/v2\/pages\/46\/revisions"}],"predecessor-version":[{"id":246,"href":"https:\/\/aof.org.tr\/index.php?rest_route=\/wp\/v2\/pages\/46\/revisions\/246"}],"wp:attachment":[{"href":"https:\/\/aof.org.tr\/index.php?rest_route=%2Fwp%2Fv2%2Fmedia&parent=46"}],"curies":[{"name":"wp","href":"https:\/\/api.w.org\/{rel}","templated":true}]}}